{"id":1181,"date":"2019-11-06T16:12:58","date_gmt":"2019-11-06T20:12:58","guid":{"rendered":"https:\/\/fach.ufms.br\/?page_id=1181"},"modified":"2019-11-06T16:28:19","modified_gmt":"2019-11-06T20:28:19","slug":"pos-graduacao","status":"publish","type":"page","link":"https:\/\/fach.ufms.br\/en\/pos-graduacao\/","title":{"rendered":"(Portugu\u00eas do Brasil) P\u00f3s-gradua\u00e7\u00e3o"},"content":{"rendered":"<p class=\"qtranxs-available-languages-message qtranxs-available-languages-message-en\">Sorry, this entry is only available in <a href=\"https:\/\/fach.ufms.br\/pb\/wp-json\/wp\/v2\/pages\/1181\" class=\"qtranxs-available-language-link qtranxs-available-language-link-pb\" title=\"Portugu\u00eas do Brasil\">Portugu\u00eas do Brasil<\/a>.<\/p>","protected":false},"excerpt":{"rendered":"<p>Sorry, this entry is only available in Portugu\u00eas do Brasil.<\/p>\n","protected":false},"author":2352,"featured_media":0,"parent":0,"menu_order":0,"comment_status":"closed","ping_status":"closed","template":"","meta":{"footnotes":""},"coauthors":[],"class_list":["post-1181","page","type-page","status-publish","hentry"],"_links":{"self":[{"href":"https:\/\/fach.ufms.br\/en\/wp-json\/wp\/v2\/pages\/1181","targetHints":{"allow":["GET"]}}],"collection":[{"href":"https:\/\/fach.ufms.br\/en\/wp-json\/wp\/v2\/pages"}],"about":[{"href":"https:\/\/fach.ufms.br\/en\/wp-json\/wp\/v2\/types\/page"}],"author":[{"embeddable":true,"href":"https:\/\/fach.ufms.br\/en\/wp-json\/wp\/v2\/users\/2352"}],"replies":[{"embeddable":true,"href":"https:\/\/fach.ufms.br\/en\/wp-json\/wp\/v2\/comments?post=1181"}],"version-history":[{"count":6,"href":"https:\/\/fach.ufms.br\/en\/wp-json\/wp\/v2\/pages\/1181\/revisions"}],"predecessor-version":[{"id":1191,"href":"https:\/\/fach.ufms.br\/en\/wp-json\/wp\/v2\/pages\/1181\/revisions\/1191"}],"wp:attachment":[{"href":"https:\/\/fach.ufms.br\/en\/wp-json\/wp\/v2\/media?parent=1181"}],"wp:term":[{"taxonomy":"author","embeddable":true,"href":"https:\/\/fach.ufms.br\/en\/wp-json\/wp\/v2\/coauthors?post=1181"}],"curies":[{"name":"wp","href":"https:\/\/api.w.org\/{rel}","templated":true}]}}