{"id":3038,"date":"2024-08-19T09:29:58","date_gmt":"2024-08-19T13:29:58","guid":{"rendered":"https:\/\/fach.ufms.br\/?page_id=3038"},"modified":"2026-03-31T07:20:01","modified_gmt":"2026-03-31T11:20:01","slug":"cronograma-dos-estagios-obrigatorios-em-ensino-de-filosofia-ii-e-iv","status":"publish","type":"page","link":"https:\/\/fach.ufms.br\/en\/cronograma-dos-estagios-obrigatorios-em-ensino-de-filosofia-ii-e-iv\/","title":{"rendered":"(Portugu\u00eas do Brasil) CRONOGRAMA DOS  EST\u00c1GIOS OBRIGAT\u00d3RIOS EM ENSINO DE FILOSOFIA I e III"},"content":{"rendered":"<p class=\"qtranxs-available-languages-message qtranxs-available-languages-message-en\">Sorry, this entry is only available in <a href=\"https:\/\/fach.ufms.br\/pb\/wp-json\/wp\/v2\/pages\/3038\" class=\"qtranxs-available-language-link qtranxs-available-language-link-pb\" title=\"Portugu\u00eas do Brasil\">Portugu\u00eas do Brasil<\/a>.<\/p>","protected":false},"excerpt":{"rendered":"<p>Sorry, this entry is only available in Portugu\u00eas do Brasil.<\/p>\n","protected":false},"author":1045,"featured_media":0,"parent":0,"menu_order":0,"comment_status":"closed","ping_status":"closed","template":"","meta":{"footnotes":""},"coauthors":[145],"class_list":["post-3038","page","type-page","status-publish","hentry"],"_links":{"self":[{"href":"https:\/\/fach.ufms.br\/en\/wp-json\/wp\/v2\/pages\/3038","targetHints":{"allow":["GET"]}}],"collection":[{"href":"https:\/\/fach.ufms.br\/en\/wp-json\/wp\/v2\/pages"}],"about":[{"href":"https:\/\/fach.ufms.br\/en\/wp-json\/wp\/v2\/types\/page"}],"author":[{"embeddable":true,"href":"https:\/\/fach.ufms.br\/en\/wp-json\/wp\/v2\/users\/1045"}],"replies":[{"embeddable":true,"href":"https:\/\/fach.ufms.br\/en\/wp-json\/wp\/v2\/comments?post=3038"}],"version-history":[{"count":2,"href":"https:\/\/fach.ufms.br\/en\/wp-json\/wp\/v2\/pages\/3038\/revisions"}],"predecessor-version":[{"id":3635,"href":"https:\/\/fach.ufms.br\/en\/wp-json\/wp\/v2\/pages\/3038\/revisions\/3635"}],"wp:attachment":[{"href":"https:\/\/fach.ufms.br\/en\/wp-json\/wp\/v2\/media?parent=3038"}],"wp:term":[{"taxonomy":"author","embeddable":true,"href":"https:\/\/fach.ufms.br\/en\/wp-json\/wp\/v2\/coauthors?post=3038"}],"curies":[{"name":"wp","href":"https:\/\/api.w.org\/{rel}","templated":true}]}}