{"id":3046,"date":"2024-08-19T09:36:29","date_gmt":"2024-08-19T13:36:29","guid":{"rendered":"https:\/\/fach.ufms.br\/?page_id=3046"},"modified":"2026-03-31T07:09:51","modified_gmt":"2026-03-31T11:09:51","slug":"plano-de-atividades-de-estagio-obrigatorio-em-filosofia-ii-fach-ufms","status":"publish","type":"page","link":"https:\/\/fach.ufms.br\/en\/plano-de-atividades-de-estagio-obrigatorio-em-filosofia-ii-fach-ufms\/","title":{"rendered":"(Portugu\u00eas do Brasil) PLANO DE ATIVIDADES DE EST\u00c1GIO OBRIGAT\u00d3RIO EM FILOSOFIA I\/FACH\/UFMS"},"content":{"rendered":"<p class=\"qtranxs-available-languages-message qtranxs-available-languages-message-en\">Sorry, this entry is only available in <a href=\"https:\/\/fach.ufms.br\/pb\/wp-json\/wp\/v2\/pages\/3046\" class=\"qtranxs-available-language-link qtranxs-available-language-link-pb\" title=\"Portugu\u00eas do Brasil\">Portugu\u00eas do Brasil<\/a>.<\/p>","protected":false},"excerpt":{"rendered":"<p>Sorry, this entry is only available in Portugu\u00eas do Brasil.<\/p>\n","protected":false},"author":1045,"featured_media":0,"parent":0,"menu_order":0,"comment_status":"closed","ping_status":"closed","template":"","meta":{"footnotes":""},"coauthors":[145],"class_list":["post-3046","page","type-page","status-publish","hentry"],"_links":{"self":[{"href":"https:\/\/fach.ufms.br\/en\/wp-json\/wp\/v2\/pages\/3046","targetHints":{"allow":["GET"]}}],"collection":[{"href":"https:\/\/fach.ufms.br\/en\/wp-json\/wp\/v2\/pages"}],"about":[{"href":"https:\/\/fach.ufms.br\/en\/wp-json\/wp\/v2\/types\/page"}],"author":[{"embeddable":true,"href":"https:\/\/fach.ufms.br\/en\/wp-json\/wp\/v2\/users\/1045"}],"replies":[{"embeddable":true,"href":"https:\/\/fach.ufms.br\/en\/wp-json\/wp\/v2\/comments?post=3046"}],"version-history":[{"count":2,"href":"https:\/\/fach.ufms.br\/en\/wp-json\/wp\/v2\/pages\/3046\/revisions"}],"predecessor-version":[{"id":3631,"href":"https:\/\/fach.ufms.br\/en\/wp-json\/wp\/v2\/pages\/3046\/revisions\/3631"}],"wp:attachment":[{"href":"https:\/\/fach.ufms.br\/en\/wp-json\/wp\/v2\/media?parent=3046"}],"wp:term":[{"taxonomy":"author","embeddable":true,"href":"https:\/\/fach.ufms.br\/en\/wp-json\/wp\/v2\/coauthors?post=3046"}],"curies":[{"name":"wp","href":"https:\/\/api.w.org\/{rel}","templated":true}]}}