{"id":317,"date":"2017-07-29T09:46:52","date_gmt":"2017-07-29T13:46:52","guid":{"rendered":"https:\/\/fach.ufms.br\/?page_id=317"},"modified":"2017-07-29T09:46:52","modified_gmt":"2017-07-29T13:46:52","slug":"improprias-grupo-de-pesquisa-em-genero-sexualidade-e-diferencas","status":"publish","type":"page","link":"https:\/\/fach.ufms.br\/en\/improprias-grupo-de-pesquisa-em-genero-sexualidade-e-diferencas\/","title":{"rendered":"(Portugu\u00eas do Brasil) Impr\u00f3prias &#8211; Grupo de Pesquisa em G\u00eanero, Sexualidade e Diferen\u00e7as"},"content":{"rendered":"<p class=\"qtranxs-available-languages-message qtranxs-available-languages-message-en\">Sorry, this entry is only available in <a href=\"https:\/\/fach.ufms.br\/pb\/wp-json\/wp\/v2\/pages\/317\" class=\"qtranxs-available-language-link qtranxs-available-language-link-pb\" title=\"Portugu\u00eas do Brasil\">Portugu\u00eas do Brasil<\/a>.<\/p>","protected":false},"excerpt":{"rendered":"<p>Sorry, this entry is only available in Portugu\u00eas do Brasil.<\/p>\n","protected":false},"author":2352,"featured_media":0,"parent":0,"menu_order":0,"comment_status":"closed","ping_status":"closed","template":"","meta":{"footnotes":""},"coauthors":[],"class_list":["post-317","page","type-page","status-publish","hentry"],"_links":{"self":[{"href":"https:\/\/fach.ufms.br\/en\/wp-json\/wp\/v2\/pages\/317","targetHints":{"allow":["GET"]}}],"collection":[{"href":"https:\/\/fach.ufms.br\/en\/wp-json\/wp\/v2\/pages"}],"about":[{"href":"https:\/\/fach.ufms.br\/en\/wp-json\/wp\/v2\/types\/page"}],"author":[{"embeddable":true,"href":"https:\/\/fach.ufms.br\/en\/wp-json\/wp\/v2\/users\/2352"}],"replies":[{"embeddable":true,"href":"https:\/\/fach.ufms.br\/en\/wp-json\/wp\/v2\/comments?post=317"}],"version-history":[{"count":1,"href":"https:\/\/fach.ufms.br\/en\/wp-json\/wp\/v2\/pages\/317\/revisions"}],"predecessor-version":[{"id":318,"href":"https:\/\/fach.ufms.br\/en\/wp-json\/wp\/v2\/pages\/317\/revisions\/318"}],"wp:attachment":[{"href":"https:\/\/fach.ufms.br\/en\/wp-json\/wp\/v2\/media?parent=317"}],"wp:term":[{"taxonomy":"author","embeddable":true,"href":"https:\/\/fach.ufms.br\/en\/wp-json\/wp\/v2\/coauthors?post=317"}],"curies":[{"name":"wp","href":"https:\/\/api.w.org\/{rel}","templated":true}]}}