{"id":50,"date":"2017-07-05T15:59:59","date_gmt":"2017-07-05T19:59:59","guid":{"rendered":"http:\/\/facfan.draconis.ufms.br\/?page_id=48"},"modified":"2017-07-14T13:51:57","modified_gmt":"2017-07-14T17:51:57","slug":"doutorado-1","status":"publish","type":"page","link":"https:\/\/fach.ufms.br\/en\/doutorado-1\/","title":{"rendered":"Doutorado 1"},"content":{"rendered":"<p><strong>Dura\u00e7\u00e3o do Curso:<\/strong><\/p>\n<ul>\n<li>&#8230;<\/li>\n<\/ul>\n<p><strong>N\u00famero de Vagas:<\/strong><\/p>\n<ul>\n<li>&#8230;<\/li>\n<\/ul>\n<p><strong>Hist\u00f3rico:<\/strong><\/p>\n<p>&#8230;<\/p>\n<p><strong>Titula\u00e7\u00e3o:<\/strong><br \/>\n&#8230;<\/p>\n<p><strong>Coordenador de Curso:<\/strong><br \/>\n&#8230;<\/p>\n","protected":false},"excerpt":{"rendered":"<p>Dura\u00e7\u00e3o do Curso: &#8230; N\u00famero de Vagas: &#8230; Hist\u00f3rico: &#8230; Titula\u00e7\u00e3o: &#8230; Coordenador de Curso: &#8230;<\/p>\n","protected":false},"author":7449,"featured_media":0,"parent":0,"menu_order":0,"comment_status":"closed","ping_status":"closed","template":"","meta":{"footnotes":""},"coauthors":[],"class_list":["post-50","page","type-page","status-publish","hentry"],"_links":{"self":[{"href":"https:\/\/fach.ufms.br\/en\/wp-json\/wp\/v2\/pages\/50","targetHints":{"allow":["GET"]}}],"collection":[{"href":"https:\/\/fach.ufms.br\/en\/wp-json\/wp\/v2\/pages"}],"about":[{"href":"https:\/\/fach.ufms.br\/en\/wp-json\/wp\/v2\/types\/page"}],"author":[{"embeddable":true,"href":"https:\/\/fach.ufms.br\/en\/wp-json\/wp\/v2\/users\/7449"}],"replies":[{"embeddable":true,"href":"https:\/\/fach.ufms.br\/en\/wp-json\/wp\/v2\/comments?post=50"}],"version-history":[{"count":2,"href":"https:\/\/fach.ufms.br\/en\/wp-json\/wp\/v2\/pages\/50\/revisions"}],"predecessor-version":[{"id":98,"href":"https:\/\/fach.ufms.br\/en\/wp-json\/wp\/v2\/pages\/50\/revisions\/98"}],"wp:attachment":[{"href":"https:\/\/fach.ufms.br\/en\/wp-json\/wp\/v2\/media?parent=50"}],"wp:term":[{"taxonomy":"author","embeddable":true,"href":"https:\/\/fach.ufms.br\/en\/wp-json\/wp\/v2\/coauthors?post=50"}],"curies":[{"name":"wp","href":"https:\/\/api.w.org\/{rel}","templated":true}]}}