{"id":550,"date":"2018-02-01T22:43:14","date_gmt":"2018-02-02T01:43:14","guid":{"rendered":"https:\/\/fach.ufms.br\/?page_id=550"},"modified":"2026-02-11T07:21:26","modified_gmt":"2026-02-11T11:21:26","slug":"horario-da-graduacao-do-primeiro-semestre-de-2024","status":"publish","type":"page","link":"https:\/\/fach.ufms.br\/en\/horario-da-graduacao-do-primeiro-semestre-de-2024\/","title":{"rendered":"(Portugu\u00eas do Brasil) Hor\u00e1rios dos Cursos de Gradua\u00e7\u00e3o | 2026\/1"},"content":{"rendered":"<p class=\"qtranxs-available-languages-message qtranxs-available-languages-message-en\">Sorry, this entry is only available in <a href=\"https:\/\/fach.ufms.br\/pb\/wp-json\/wp\/v2\/pages\/550\" class=\"qtranxs-available-language-link qtranxs-available-language-link-pb\" title=\"Portugu\u00eas do Brasil\">Portugu\u00eas do Brasil<\/a>.<\/p>","protected":false},"excerpt":{"rendered":"<p>Sorry, this entry is only available in Portugu\u00eas do Brasil.<\/p>\n","protected":false},"author":2352,"featured_media":0,"parent":0,"menu_order":0,"comment_status":"closed","ping_status":"closed","template":"","meta":{"footnotes":""},"coauthors":[147],"class_list":["post-550","page","type-page","status-publish","hentry"],"_links":{"self":[{"href":"https:\/\/fach.ufms.br\/en\/wp-json\/wp\/v2\/pages\/550","targetHints":{"allow":["GET"]}}],"collection":[{"href":"https:\/\/fach.ufms.br\/en\/wp-json\/wp\/v2\/pages"}],"about":[{"href":"https:\/\/fach.ufms.br\/en\/wp-json\/wp\/v2\/types\/page"}],"author":[{"embeddable":true,"href":"https:\/\/fach.ufms.br\/en\/wp-json\/wp\/v2\/users\/2352"}],"replies":[{"embeddable":true,"href":"https:\/\/fach.ufms.br\/en\/wp-json\/wp\/v2\/comments?post=550"}],"version-history":[{"count":87,"href":"https:\/\/fach.ufms.br\/en\/wp-json\/wp\/v2\/pages\/550\/revisions"}],"predecessor-version":[{"id":3543,"href":"https:\/\/fach.ufms.br\/en\/wp-json\/wp\/v2\/pages\/550\/revisions\/3543"}],"wp:attachment":[{"href":"https:\/\/fach.ufms.br\/en\/wp-json\/wp\/v2\/media?parent=550"}],"wp:term":[{"taxonomy":"author","embeddable":true,"href":"https:\/\/fach.ufms.br\/en\/wp-json\/wp\/v2\/coauthors?post=550"}],"curies":[{"name":"wp","href":"https:\/\/api.w.org\/{rel}","templated":true}]}}