{"id":64,"date":"2017-07-05T16:10:35","date_gmt":"2017-07-05T20:10:35","guid":{"rendered":"http:\/\/facfan.draconis.ufms.br\/?page_id=64"},"modified":"2017-07-05T16:10:35","modified_gmt":"2017-07-05T20:10:35","slug":"projetos-de-iniciacao-cientifica","status":"publish","type":"page","link":"https:\/\/fach.ufms.br\/en\/projetos-de-iniciacao-cientifica\/","title":{"rendered":"Projetos de Inicia\u00e7\u00e3o Cient\u00edfica"},"content":{"rendered":"<p>&#8230;<\/p>\n","protected":false},"excerpt":{"rendered":"<p>&#8230;<\/p>\n","protected":false},"author":7449,"featured_media":0,"parent":0,"menu_order":0,"comment_status":"closed","ping_status":"closed","template":"","meta":{"footnotes":""},"coauthors":[],"class_list":["post-64","page","type-page","status-publish","hentry"],"_links":{"self":[{"href":"https:\/\/fach.ufms.br\/en\/wp-json\/wp\/v2\/pages\/64","targetHints":{"allow":["GET"]}}],"collection":[{"href":"https:\/\/fach.ufms.br\/en\/wp-json\/wp\/v2\/pages"}],"about":[{"href":"https:\/\/fach.ufms.br\/en\/wp-json\/wp\/v2\/types\/page"}],"author":[{"embeddable":true,"href":"https:\/\/fach.ufms.br\/en\/wp-json\/wp\/v2\/users\/7449"}],"replies":[{"embeddable":true,"href":"https:\/\/fach.ufms.br\/en\/wp-json\/wp\/v2\/comments?post=64"}],"version-history":[{"count":0,"href":"https:\/\/fach.ufms.br\/en\/wp-json\/wp\/v2\/pages\/64\/revisions"}],"wp:attachment":[{"href":"https:\/\/fach.ufms.br\/en\/wp-json\/wp\/v2\/media?parent=64"}],"wp:term":[{"taxonomy":"author","embeddable":true,"href":"https:\/\/fach.ufms.br\/en\/wp-json\/wp\/v2\/coauthors?post=64"}],"curies":[{"name":"wp","href":"https:\/\/api.w.org\/{rel}","templated":true}]}}